{"id":9,"date":"2014-06-12T00:46:20","date_gmt":"2014-06-12T00:46:20","guid":{"rendered":"http:\/\/gartenschlauch-gaming.de\/?page_id=9"},"modified":"2020-11-23T00:36:14","modified_gmt":"2020-11-23T00:36:14","slug":"impressum","status":"publish","type":"page","link":"https:\/\/gartenschlauchgaming.de\/?page_id=9","title":{"rendered":"Impressum"},"content":{"rendered":"<p>Inhaltlich verantwortlich :<\/p>\n<p>Sebastian Becker<\/p>\n<p>Bei den Frosch\u00e4ckern 13<\/p>\n<p>99098 Erfurt<\/p>\n<p>Erkl\u00e4rung:<\/p>\n<p>Sebastian Becker ist nicht f\u00fcr den Inhalt von Webseiten verantwortlich, die durch eine Verlinkung erreicht werden und nicht von Sebastian Becker erstellt wurden. Er ist als Inhaltsanbieter f\u00fcr die &#8222;eigenen Inhalte&#8220;, die er zu einer Nutzung bereith\u00e4lt, nach den allgemeinen Gesetzen verantwortlich. Von diesen eigenen Inhalten sind externe Links zu unterscheiden, die auf von anderen Anbietern bereitgehaltenen Inhalte verweisen. Durch den externen Link h\u00e4lt Sebastian Becker insofern &#8222;fremde Inhalte&#8220; zur Nutzung bereit. F\u00fcr diese fremden Inhalte ist er nur dann verantwortlich, wenn er von ihnen (d.h. auch von rechtswidrigen bzw. strafbaren Inhalten) positive Kenntnis hat und es ihm technisch m\u00f6glich und zumutbar ist, deren Nutzung zu verhindern.<\/p>\n<p>Bei externen Links und damit verbundenen Querverweisen handelt es sich stets um &#8222;lebende&#8220; (dynamische) Verweisungen. Sebastian Becker hat bei der erstmaligen Verkn\u00fcpfung den fremden Inhalt daraufhin \u00fcberpr\u00fcft, ob durch ihn eine m\u00f6gliche zivilrechtliche oder strafrechtliche Verantwortlichkeit ausgel\u00f6st wird. Er ist nach dem Gesetz nicht dazu verpflichtet, die Inhalte, auf die er in seinem Angebot verweist, st\u00e4ndig auf Ver\u00e4nderungen zu \u00fcberpr\u00fcfen, die eine Verantwortlichkeit neu begr\u00fcnden k\u00f6nnten. Erst wenn er feststellt oder von Dritten darauf hingewiesen wird, dass ein konkretes Angebot, zu dem er einen externen Link bereitgestellt hat, eine zivil- oder strafrechtliche Verantwortlichkeit ausl\u00f6st, wird er den Verweis auf dieses Angebot aufheben, soweit ihm dies technisch m\u00f6glich und zumutbar ist.<\/p>\n<p>Alle auf http:\/\/www.gartenschlauchgaming.de verwendeten Markennamen sind gesch\u00fctzt \u00fcber deren Inhaber.<\/p>\n","protected":false},"excerpt":{"rendered":"<p>Inhaltlich verantwortlich : Sebastian Becker Bei den Frosch\u00e4ckern 13 99098 Erfurt Erkl\u00e4rung: Sebastian Becker ist nicht f\u00fcr den Inhalt von Webseiten verantwortlich, die durch eine Verlinkung erreicht werden und nicht von Sebastian Becker erstellt wurden. Er ist als Inhaltsanbieter f\u00fcr die &#8222;eigenen Inhalte&#8220;, die er zu einer Nutzung bereith\u00e4lt, nach den allgemeinen Gesetzen verantwortlich. Von &hellip; <a href=\"https:\/\/gartenschlauchgaming.de\/?page_id=9\" class=\"more-link\"><span class=\"screen-reader-text\">Impressum<\/span> weiterlesen <span class=\"meta-nav\">&rarr;<\/span><\/a><\/p>\n","protected":false},"author":1,"featured_media":0,"parent":0,"menu_order":99,"comment_status":"open","ping_status":"closed","template":"","meta":{"footnotes":""},"class_list":["post-9","page","type-page","status-publish","hentry"],"_links":{"self":[{"href":"https:\/\/gartenschlauchgaming.de\/index.php?rest_route=\/wp\/v2\/pages\/9","targetHints":{"allow":["GET"]}}],"collection":[{"href":"https:\/\/gartenschlauchgaming.de\/index.php?rest_route=\/wp\/v2\/pages"}],"about":[{"href":"https:\/\/gartenschlauchgaming.de\/index.php?rest_route=\/wp\/v2\/types\/page"}],"author":[{"embeddable":true,"href":"https:\/\/gartenschlauchgaming.de\/index.php?rest_route=\/wp\/v2\/users\/1"}],"replies":[{"embeddable":true,"href":"https:\/\/gartenschlauchgaming.de\/index.php?rest_route=%2Fwp%2Fv2%2Fcomments&post=9"}],"version-history":[{"count":3,"href":"https:\/\/gartenschlauchgaming.de\/index.php?rest_route=\/wp\/v2\/pages\/9\/revisions"}],"predecessor-version":[{"id":1198,"href":"https:\/\/gartenschlauchgaming.de\/index.php?rest_route=\/wp\/v2\/pages\/9\/revisions\/1198"}],"wp:attachment":[{"href":"https:\/\/gartenschlauchgaming.de\/index.php?rest_route=%2Fwp%2Fv2%2Fmedia&parent=9"}],"curies":[{"name":"wp","href":"https:\/\/api.w.org\/{rel}","templated":true}]}}